{"id":1917,"date":"2025-06-20T20:57:14","date_gmt":"2025-06-20T18:57:14","guid":{"rendered":"https:\/\/enjoynaan.fr\/?post_type=product&#038;p=1917"},"modified":"2025-06-20T20:57:18","modified_gmt":"2025-06-20T18:57:18","slug":"naan-tenders","status":"publish","type":"product","link":"https:\/\/enjoynaan.fr\/index.php\/produit\/naan-tenders\/","title":{"rendered":"Naan Tenders"},"content":{"rendered":"<p>Pain naan fourr\u00e9 au fromage et cuit au four garnie avec salade, tomates, oignons, tenders de poulet et sauce au choix. Vous pouvez compl\u00e9ter votre composition avec nos irr\u00e9sistibles suppl\u00e9ments !<\/p>\n","protected":false},"excerpt":{"rendered":"<p>Pain naan fourr\u00e9 au fromage et cuit au four garnie avec salade, tomates, oignons, tenders de poulet et sauce au choix. Vous pouvez compl\u00e9ter votre composition avec nos irr\u00e9sistibles suppl\u00e9ments !<\/p>\n","protected":false},"featured_media":1928,"template":"","meta":[],"product_brand":[],"product_cat":[55],"product_tag":[],"class_list":{"0":"post-1917","1":"product","2":"type-product","3":"status-publish","4":"has-post-thumbnail","6":"product_cat-naan","7":"tm-has-options","9":"first","10":"instock","11":"taxable","12":"shipping-taxable","13":"purchasable","14":"product-type-simple"},"jetpack_sharing_enabled":true,"_links":{"self":[{"href":"https:\/\/enjoynaan.fr\/index.php\/wp-json\/wp\/v2\/product\/1917","targetHints":{"allow":["GET"]}}],"collection":[{"href":"https:\/\/enjoynaan.fr\/index.php\/wp-json\/wp\/v2\/product"}],"about":[{"href":"https:\/\/enjoynaan.fr\/index.php\/wp-json\/wp\/v2\/types\/product"}],"wp:featuredmedia":[{"embeddable":true,"href":"https:\/\/enjoynaan.fr\/index.php\/wp-json\/wp\/v2\/media\/1928"}],"wp:attachment":[{"href":"https:\/\/enjoynaan.fr\/index.php\/wp-json\/wp\/v2\/media?parent=1917"}],"wp:term":[{"taxonomy":"product_brand","embeddable":true,"href":"https:\/\/enjoynaan.fr\/index.php\/wp-json\/wp\/v2\/product_brand?post=1917"},{"taxonomy":"product_cat","embeddable":true,"href":"https:\/\/enjoynaan.fr\/index.php\/wp-json\/wp\/v2\/product_cat?post=1917"},{"taxonomy":"product_tag","embeddable":true,"href":"https:\/\/enjoynaan.fr\/index.php\/wp-json\/wp\/v2\/product_tag?post=1917"}],"curies":[{"name":"wp","href":"https:\/\/api.w.org\/{rel}","templated":true}]}}