{"id":1923,"date":"2025-06-20T20:57:14","date_gmt":"2025-06-20T18:57:14","guid":{"rendered":"https:\/\/enjoynaan.fr\/?post_type=product&#038;p=1923"},"modified":"2025-06-20T21:00:28","modified_gmt":"2025-06-20T19:00:28","slug":"naan-americain","status":"publish","type":"product","link":"https:\/\/enjoynaan.fr\/index.php\/produit\/naan-americain\/","title":{"rendered":"Naan Enjoy"},"content":{"rendered":"<p>Pain naan fourr\u00e9 au fromage et cuit au four garni avec double steak, oeuf, cheddar, salade, tomates, oignons et sauce au choix. Vous pouvez compl\u00e9ter votre composition avec nos irr\u00e9sistibles suppl\u00e9ments !<\/p>\n","protected":false},"excerpt":{"rendered":"<p>Pain naan fourr\u00e9 au fromage et cuit au four garni avec double steak, oeuf, cheddar, salade, tomates, oignons et sauce au choix. Vous pouvez compl\u00e9ter votre composition avec nos irr\u00e9sistibles suppl\u00e9ments !<\/p>\n","protected":false},"featured_media":1934,"template":"","meta":[],"product_brand":[],"product_cat":[55,56],"product_tag":[],"class_list":{"0":"post-1923","1":"product","2":"type-product","3":"status-publish","4":"has-post-thumbnail","6":"product_cat-naan","7":"product_cat-nouveaute","8":"tm-has-options","10":"first","11":"instock","12":"taxable","13":"shipping-taxable","14":"purchasable","15":"product-type-simple"},"jetpack_sharing_enabled":true,"_links":{"self":[{"href":"https:\/\/enjoynaan.fr\/index.php\/wp-json\/wp\/v2\/product\/1923","targetHints":{"allow":["GET"]}}],"collection":[{"href":"https:\/\/enjoynaan.fr\/index.php\/wp-json\/wp\/v2\/product"}],"about":[{"href":"https:\/\/enjoynaan.fr\/index.php\/wp-json\/wp\/v2\/types\/product"}],"wp:featuredmedia":[{"embeddable":true,"href":"https:\/\/enjoynaan.fr\/index.php\/wp-json\/wp\/v2\/media\/1934"}],"wp:attachment":[{"href":"https:\/\/enjoynaan.fr\/index.php\/wp-json\/wp\/v2\/media?parent=1923"}],"wp:term":[{"taxonomy":"product_brand","embeddable":true,"href":"https:\/\/enjoynaan.fr\/index.php\/wp-json\/wp\/v2\/product_brand?post=1923"},{"taxonomy":"product_cat","embeddable":true,"href":"https:\/\/enjoynaan.fr\/index.php\/wp-json\/wp\/v2\/product_cat?post=1923"},{"taxonomy":"product_tag","embeddable":true,"href":"https:\/\/enjoynaan.fr\/index.php\/wp-json\/wp\/v2\/product_tag?post=1923"}],"curies":[{"name":"wp","href":"https:\/\/api.w.org\/{rel}","templated":true}]}}