{"id":1936,"date":"2025-06-20T21:02:42","date_gmt":"2025-06-20T19:02:42","guid":{"rendered":"https:\/\/enjoynaan.fr\/?post_type=product&#038;p=1936"},"modified":"2025-06-20T21:06:15","modified_gmt":"2025-06-20T19:06:15","slug":"tacos-simple","status":"publish","type":"product","link":"https:\/\/enjoynaan.fr\/index.php\/produit\/tacos-simple\/","title":{"rendered":"Tacos Simple"},"content":{"rendered":"<p>Tacos garnie avec une viande au choix, frites, sauce fromag\u00e8re maison et sauces au choix. Vous pouvez compl\u00e9ter votre\u00a0 composition avec nos irr\u00e9sistibles suppl\u00e9ments !<\/p>\n","protected":false},"excerpt":{"rendered":"<p>Tacos garnie avec une viande au choix, frites, sauce fromag\u00e8re maison et sauces au choix. Vous pouvez compl\u00e9ter votre composition avec nos irr\u00e9sistibles suppl\u00e9ments !<\/p>\n","protected":false},"featured_media":1950,"template":"","meta":[],"product_brand":[],"product_cat":[57],"product_tag":[],"class_list":{"0":"post-1936","1":"product","2":"type-product","3":"status-publish","4":"has-post-thumbnail","6":"product_cat-tacos","7":"tm-has-options","9":"first","10":"instock","11":"taxable","12":"shipping-taxable","13":"purchasable","14":"product-type-simple"},"jetpack_sharing_enabled":true,"_links":{"self":[{"href":"https:\/\/enjoynaan.fr\/index.php\/wp-json\/wp\/v2\/product\/1936","targetHints":{"allow":["GET"]}}],"collection":[{"href":"https:\/\/enjoynaan.fr\/index.php\/wp-json\/wp\/v2\/product"}],"about":[{"href":"https:\/\/enjoynaan.fr\/index.php\/wp-json\/wp\/v2\/types\/product"}],"wp:featuredmedia":[{"embeddable":true,"href":"https:\/\/enjoynaan.fr\/index.php\/wp-json\/wp\/v2\/media\/1950"}],"wp:attachment":[{"href":"https:\/\/enjoynaan.fr\/index.php\/wp-json\/wp\/v2\/media?parent=1936"}],"wp:term":[{"taxonomy":"product_brand","embeddable":true,"href":"https:\/\/enjoynaan.fr\/index.php\/wp-json\/wp\/v2\/product_brand?post=1936"},{"taxonomy":"product_cat","embeddable":true,"href":"https:\/\/enjoynaan.fr\/index.php\/wp-json\/wp\/v2\/product_cat?post=1936"},{"taxonomy":"product_tag","embeddable":true,"href":"https:\/\/enjoynaan.fr\/index.php\/wp-json\/wp\/v2\/product_tag?post=1936"}],"curies":[{"name":"wp","href":"https:\/\/api.w.org\/{rel}","templated":true}]}}