{"id":1948,"date":"2025-06-20T21:02:43","date_gmt":"2025-06-20T19:02:43","guid":{"rendered":"https:\/\/enjoynaan.fr\/?post_type=product&#038;p=1948"},"modified":"2025-06-20T21:12:48","modified_gmt":"2025-06-20T19:12:48","slug":"bowl-riz-chicken","status":"publish","type":"product","link":"https:\/\/enjoynaan.fr\/index.php\/produit\/bowl-riz-chicken\/","title":{"rendered":"Bowl Berliner"},"content":{"rendered":"<p>Riz, sauce fromag\u00e8re, kebab, l\u00e9gumes grill\u00e9s et f\u00eata.<\/p>\n","protected":false},"excerpt":{"rendered":"<p>Riz, sauce fromag\u00e8re, kebab, l\u00e9gumes grill\u00e9s et f\u00eata.. Vous pouvez compl\u00e9ter votre composition avec nos irr\u00e9sistibles suppl\u00e9ments !<\/p>\n","protected":false},"featured_media":1964,"template":"","meta":[],"product_brand":[],"product_cat":[60,56],"product_tag":[],"class_list":{"0":"post-1948","1":"product","2":"type-product","3":"status-publish","4":"has-post-thumbnail","6":"product_cat-bowls","7":"product_cat-nouveaute","8":"tm-has-options","10":"first","11":"instock","12":"taxable","13":"shipping-taxable","14":"purchasable","15":"product-type-simple"},"jetpack_sharing_enabled":true,"_links":{"self":[{"href":"https:\/\/enjoynaan.fr\/index.php\/wp-json\/wp\/v2\/product\/1948","targetHints":{"allow":["GET"]}}],"collection":[{"href":"https:\/\/enjoynaan.fr\/index.php\/wp-json\/wp\/v2\/product"}],"about":[{"href":"https:\/\/enjoynaan.fr\/index.php\/wp-json\/wp\/v2\/types\/product"}],"wp:featuredmedia":[{"embeddable":true,"href":"https:\/\/enjoynaan.fr\/index.php\/wp-json\/wp\/v2\/media\/1964"}],"wp:attachment":[{"href":"https:\/\/enjoynaan.fr\/index.php\/wp-json\/wp\/v2\/media?parent=1948"}],"wp:term":[{"taxonomy":"product_brand","embeddable":true,"href":"https:\/\/enjoynaan.fr\/index.php\/wp-json\/wp\/v2\/product_brand?post=1948"},{"taxonomy":"product_cat","embeddable":true,"href":"https:\/\/enjoynaan.fr\/index.php\/wp-json\/wp\/v2\/product_cat?post=1948"},{"taxonomy":"product_tag","embeddable":true,"href":"https:\/\/enjoynaan.fr\/index.php\/wp-json\/wp\/v2\/product_tag?post=1948"}],"curies":[{"name":"wp","href":"https:\/\/api.w.org\/{rel}","templated":true}]}}