{"id":2074,"date":"2025-06-30T21:05:49","date_gmt":"2025-06-30T19:05:49","guid":{"rendered":"https:\/\/enjoynaan.fr\/?post_type=product&#038;p=2074"},"modified":"2025-06-30T21:08:26","modified_gmt":"2025-06-30T19:08:26","slug":"tiramisu-nutella-oreo","status":"publish","type":"product","link":"https:\/\/enjoynaan.fr\/index.php\/produit\/tiramisu-nutella-oreo\/","title":{"rendered":"Tiramisu Nutella Or\u00e9o"},"content":{"rendered":"<p>Tiramisu fait-maison du jour, choisissez votre go\u00fbt pr\u00e9f\u00e9r\u00e9 et laissez-vous emporter vers d&rsquo;autres horizons !<\/p>\n","protected":false},"excerpt":{"rendered":"<p>Tiramisu fait-maison du jour !<\/p>\n","protected":false},"featured_media":2091,"template":"","meta":[],"product_brand":[],"product_cat":[36],"product_tag":[],"class_list":{"0":"post-2074","1":"product","2":"type-product","3":"status-publish","4":"has-post-thumbnail","6":"product_cat-desserts","7":"product_shipping_class-livraison-gratuite","8":"tm-no-options","10":"first","11":"instock","12":"taxable","13":"shipping-taxable","14":"purchasable","15":"product-type-simple"},"jetpack_sharing_enabled":true,"_links":{"self":[{"href":"https:\/\/enjoynaan.fr\/index.php\/wp-json\/wp\/v2\/product\/2074","targetHints":{"allow":["GET"]}}],"collection":[{"href":"https:\/\/enjoynaan.fr\/index.php\/wp-json\/wp\/v2\/product"}],"about":[{"href":"https:\/\/enjoynaan.fr\/index.php\/wp-json\/wp\/v2\/types\/product"}],"wp:featuredmedia":[{"embeddable":true,"href":"https:\/\/enjoynaan.fr\/index.php\/wp-json\/wp\/v2\/media\/2091"}],"wp:attachment":[{"href":"https:\/\/enjoynaan.fr\/index.php\/wp-json\/wp\/v2\/media?parent=2074"}],"wp:term":[{"taxonomy":"product_brand","embeddable":true,"href":"https:\/\/enjoynaan.fr\/index.php\/wp-json\/wp\/v2\/product_brand?post=2074"},{"taxonomy":"product_cat","embeddable":true,"href":"https:\/\/enjoynaan.fr\/index.php\/wp-json\/wp\/v2\/product_cat?post=2074"},{"taxonomy":"product_tag","embeddable":true,"href":"https:\/\/enjoynaan.fr\/index.php\/wp-json\/wp\/v2\/product_tag?post=2074"}],"curies":[{"name":"wp","href":"https:\/\/api.w.org\/{rel}","templated":true}]}}